{"id":709,"date":"2020-06-07T09:33:50","date_gmt":"2020-06-07T07:33:50","guid":{"rendered":"http:\/\/www.vely-yoga.com\/velyyoga\/?page_id=709"},"modified":"2020-09-18T13:05:11","modified_gmt":"2020-09-18T11:05:11","slug":"blog","status":"publish","type":"page","link":"https:\/\/www.vely-yoga.com\/velyyoga\/blog\/","title":{"rendered":"Blog"},"content":{"rendered":"\t\t<div data-elementor-type=\"wp-page\" data-elementor-id=\"709\" class=\"elementor elementor-709\">\n\t\t\t\t\t\t<section class=\"elementor-section elementor-top-section elementor-element elementor-element-c5a1870 elementor-section-boxed elementor-section-height-default elementor-section-height-default\" data-id=\"c5a1870\" data-element_type=\"section\" data-e-type=\"section\" data-settings=\"{&quot;background_background&quot;:&quot;classic&quot;}\">\n\t\t\t\t\t\t<div class=\"elementor-container elementor-column-gap-default\">\n\t\t\t\t\t<div class=\"elementor-column elementor-col-100 elementor-top-column elementor-element elementor-element-c432cb3\" data-id=\"c432cb3\" data-element_type=\"column\" data-e-type=\"column\">\n\t\t\t<div class=\"elementor-widget-wrap elementor-element-populated\">\n\t\t\t\t\t\t<div class=\"elementor-element elementor-element-cf62ff9 elementor-widget elementor-widget-text-editor\" data-id=\"cf62ff9\" data-element_type=\"widget\" data-e-type=\"widget\" data-widget_type=\"text-editor.default\">\n\t\t\t\t<div class=\"elementor-widget-container\">\n\t\t\t\t\t\t\t\t\t<p>Bienvenu sur le blog VELY Yoga.<\/p><p>Vous trouverez ici les articles sur diff\u00e9rents sujets que nous publions r\u00e9guli\u00e8rement. Ceux-ci sont toujours en lien, de pr\u00e8s ou de loin, avec le yoga.<\/p><p>Si vous souhaitez voir des sujets abord\u00e9s, ou si vous vous posez des questions sur l&rsquo;un de nos articles, n&rsquo;h\u00e9sitez pas \u00e0 nous contacter. Nous nous ferons un plaisir de vous r\u00e9pondre !<\/p>\t\t\t\t\t\t\t\t<\/div>\n\t\t\t\t<\/div>\n\t\t\t\t\t<\/div>\n\t\t<\/div>\n\t\t\t\t\t<\/div>\n\t\t<\/section>\n\t\t\t\t<section class=\"elementor-section elementor-top-section elementor-element elementor-element-4c7dd7f elementor-section-boxed elementor-section-height-default elementor-section-height-default\" data-id=\"4c7dd7f\" data-element_type=\"section\" data-e-type=\"section\" data-settings=\"{&quot;background_background&quot;:&quot;classic&quot;}\">\n\t\t\t\t\t\t<div class=\"elementor-container elementor-column-gap-default\">\n\t\t\t\t\t<div class=\"elementor-column elementor-col-100 elementor-top-column elementor-element elementor-element-009fa45\" data-id=\"009fa45\" data-element_type=\"column\" data-e-type=\"column\">\n\t\t\t<div class=\"elementor-widget-wrap elementor-element-populated\">\n\t\t\t\t\t\t<div class=\"elementor-element elementor-element-0dc99ea elementor-widget elementor-widget-wp-widget-recent-posts\" data-id=\"0dc99ea\" data-element_type=\"widget\" data-e-type=\"widget\" data-widget_type=\"wp-widget-recent-posts.default\">\n\t\t\t\t<div class=\"elementor-widget-container\">\n\t\t\t\t\t\n\t\t\n\t\t<h5>Articles r\u00e9cents<\/h5>\n\t\t<ul>\n\t\t\t\t\t\t\t\t\t\t\t<li>\n\t\t\t\t\t<a href=\"https:\/\/www.vely-yoga.com\/velyyoga\/elementor-2872\/\">Qu&rsquo;est-ce qu&rsquo;un parcours de soin aujourd&rsquo;hui ?<\/a>\n\t\t\t\t\t\t\t\t\t<\/li>\n\t\t\t\t\t\t\t\t\t\t\t<li>\n\t\t\t\t\t<a href=\"https:\/\/www.vely-yoga.com\/velyyoga\/elementor-2613\/\">Yoga et Ayurveda : deux sciences s\u0153urs au service de l\u2019\u00e9quilibre<\/a>\n\t\t\t\t\t\t\t\t\t<\/li>\n\t\t\t\t\t\t\t\t\t\t\t<li>\n\t\t\t\t\t<a href=\"https:\/\/www.vely-yoga.com\/velyyoga\/yoga-et-religion\/\">Yoga &#038; religion : d\u00e9faire un mythe partiellement vrai&#8230;<\/a>\n\t\t\t\t\t\t\t\t\t<\/li>\n\t\t\t\t\t\t\t\t\t\t\t<li>\n\t\t\t\t\t<a href=\"https:\/\/www.vely-yoga.com\/velyyoga\/la-recitation-om\/\">La r\u00e9citation Om, une pratique mystique ?<\/a>\n\t\t\t\t\t\t\t\t\t<\/li>\n\t\t\t\t\t\t\t\t\t\t\t<li>\n\t\t\t\t\t<a href=\"https:\/\/www.vely-yoga.com\/velyyoga\/hatha-yoga-esprit-du-yoga\/\">D\u00e9mystifier l&rsquo;esprit du Yoga sous le prisme du Hatha Yoga<\/a>\n\t\t\t\t\t\t\t\t\t<\/li>\n\t\t\t\t\t<\/ul>\n\n\t\t\t\t\t\t<\/div>\n\t\t\t\t<\/div>\n\t\t\t\t<div class=\"elementor-element elementor-element-5c74be2 elementor-widget elementor-widget-wp-widget-archives\" data-id=\"5c74be2\" data-element_type=\"widget\" data-e-type=\"widget\" data-widget_type=\"wp-widget-archives.default\">\n\t\t\t\t<div class=\"elementor-widget-container\">\n\t\t\t\t\t<h5>Archives<\/h5>\n\t\t\t<ul>\n\t\t\t\t\t<li><a href='https:\/\/www.vely-yoga.com\/velyyoga\/2026\/04\/'>avril 2026<\/a>&nbsp;(1)<\/li>\n\t<li><a href='https:\/\/www.vely-yoga.com\/velyyoga\/2026\/01\/'>janvier 2026<\/a>&nbsp;(1)<\/li>\n\t<li><a href='https:\/\/www.vely-yoga.com\/velyyoga\/2020\/10\/'>octobre 2020<\/a>&nbsp;(1)<\/li>\n\t<li><a href='https:\/\/www.vely-yoga.com\/velyyoga\/2020\/09\/'>septembre 2020<\/a>&nbsp;(2)<\/li>\n\t<li><a href='https:\/\/www.vely-yoga.com\/velyyoga\/2020\/08\/'>ao\u00fbt 2020<\/a>&nbsp;(1)<\/li>\n\t<li><a href='https:\/\/www.vely-yoga.com\/velyyoga\/2020\/07\/'>juillet 2020<\/a>&nbsp;(2)<\/li>\n\t<li><a href='https:\/\/www.vely-yoga.com\/velyyoga\/2020\/06\/'>juin 2020<\/a>&nbsp;(4)<\/li>\n\t<li><a href='https:\/\/www.vely-yoga.com\/velyyoga\/2020\/05\/'>mai 2020<\/a>&nbsp;(1)<\/li>\n\t\t\t<\/ul>\n\n\t\t\t\t\t\t\t<\/div>\n\t\t\t\t<\/div>\n\t\t\t\t\t<\/div>\n\t\t<\/div>\n\t\t\t\t\t<\/div>\n\t\t<\/section>\n\t\t\t\t<\/div>\n\t\t","protected":false},"excerpt":{"rendered":"<p>Bienvenu sur le blog de VELY Yoga. Vous trouverez ici les articles sur diff\u00e9rents sujets &#8211; toujours en lien, de pr\u00e8s ou de loin avec le yoga- que nous publions r\u00e9guli\u00e8rement. Si vous souhaitiez voir des sujets abord\u00e9s, ou si vous vous posez des questions sur l&rsquo;un de nos articles, n&rsquo;h\u00e9sitez pas \u00e0 nous contacter. [&hellip;]<\/p>\n","protected":false},"author":2,"featured_media":0,"parent":0,"menu_order":0,"comment_status":"closed","ping_status":"closed","template":"","meta":{"footnotes":""},"class_list":["post-709","page","type-page","status-publish","hentry"],"aioseo_notices":[],"jetpack_sharing_enabled":true,"_links":{"self":[{"href":"https:\/\/www.vely-yoga.com\/velyyoga\/wp-json\/wp\/v2\/pages\/709","targetHints":{"allow":["GET"]}}],"collection":[{"href":"https:\/\/www.vely-yoga.com\/velyyoga\/wp-json\/wp\/v2\/pages"}],"about":[{"href":"https:\/\/www.vely-yoga.com\/velyyoga\/wp-json\/wp\/v2\/types\/page"}],"author":[{"embeddable":true,"href":"https:\/\/www.vely-yoga.com\/velyyoga\/wp-json\/wp\/v2\/users\/2"}],"replies":[{"embeddable":true,"href":"https:\/\/www.vely-yoga.com\/velyyoga\/wp-json\/wp\/v2\/comments?post=709"}],"version-history":[{"count":0,"href":"https:\/\/www.vely-yoga.com\/velyyoga\/wp-json\/wp\/v2\/pages\/709\/revisions"}],"wp:attachment":[{"href":"https:\/\/www.vely-yoga.com\/velyyoga\/wp-json\/wp\/v2\/media?parent=709"}],"curies":[{"name":"wp","href":"https:\/\/api.w.org\/{rel}","templated":true}]}}